{"id":670,"date":"2024-05-15T06:49:51","date_gmt":"2024-05-15T06:49:51","guid":{"rendered":"https:\/\/enjoyrespectfirenze.it\/florence-is-alive\/"},"modified":"2026-04-14T12:35:56","modified_gmt":"2026-04-14T12:35:56","slug":"florence-is-alive","status":"publish","type":"page","link":"https:\/\/enjoyrespectfirenze.it\/it\/florence-is-alive\/","title":{"rendered":"Il progetto"},"content":{"rendered":"\t\t<div data-elementor-type=\"wp-page\" data-elementor-id=\"670\" class=\"elementor elementor-670 elementor-171\">\n\t\t\t\t<div class=\"elementor-element elementor-element-d22b8c9 e-flex e-con-boxed e-con e-parent\" data-id=\"d22b8c9\" data-element_type=\"container\" data-e-type=\"container\">\n\t\t\t\t\t<div class=\"e-con-inner\">\n\t\t<div class=\"elementor-element elementor-element-8e54fa2 e-con-full e-flex e-con e-child\" data-id=\"8e54fa2\" data-element_type=\"container\" data-e-type=\"container\">\n\t\t\t\t<div class=\"elementor-element elementor-element-ff97b34 elementor-widget elementor-widget-heading\" data-id=\"ff97b34\" data-element_type=\"widget\" data-e-type=\"widget\" data-widget_type=\"heading.default\">\n\t\t\t\t<div class=\"elementor-widget-container\">\n\t\t\t\t\t<h1 class=\"elementor-heading-title elementor-size-default\">Florence <br> is alive<\/h1>\t\t\t\t<\/div>\n\t\t\t\t<\/div>\n\t\t\t\t<div class=\"elementor-element elementor-element-d7d1114 elementor-widget elementor-widget-heading\" data-id=\"d7d1114\" data-element_type=\"widget\" data-e-type=\"widget\" data-widget_type=\"heading.default\">\n\t\t\t\t<div class=\"elementor-widget-container\">\n\t\t\t\t\t<h2 class=\"elementor-heading-title elementor-size-default\">treat it with care<\/h2>\t\t\t\t<\/div>\n\t\t\t\t<\/div>\n\t\t\t\t<div class=\"elementor-element elementor-element-2dacd5e elementor-widget elementor-widget-spacer\" data-id=\"2dacd5e\" data-element_type=\"widget\" data-e-type=\"widget\" data-widget_type=\"spacer.default\">\n\t\t\t\t<div class=\"elementor-widget-container\">\n\t\t\t\t\t\t\t<div class=\"elementor-spacer\">\n\t\t\t<div class=\"elementor-spacer-inner\"><\/div>\n\t\t<\/div>\n\t\t\t\t\t\t<\/div>\n\t\t\t\t<\/div>\n\t\t\t\t<\/div>\n\t\t<div class=\"elementor-element elementor-element-a5eeae8 e-con-full e-flex e-con e-child\" data-id=\"a5eeae8\" data-element_type=\"container\" data-e-type=\"container\" data-settings=\"{&quot;background_background&quot;:&quot;classic&quot;}\">\n\t\t\t\t<\/div>\n\t\t\t\t\t<\/div>\n\t\t\t\t<\/div>\n\t\t<div class=\"elementor-element elementor-element-8d8014e e-flex e-con-boxed e-con e-parent\" data-id=\"8d8014e\" data-element_type=\"container\" data-e-type=\"container\" data-settings=\"{&quot;background_background&quot;:&quot;classic&quot;}\">\n\t\t\t\t\t<div class=\"e-con-inner\">\n\t\t<div class=\"elementor-element elementor-element-070c828 e-con-full e-flex e-con e-child\" data-id=\"070c828\" data-element_type=\"container\" data-e-type=\"container\">\n\t\t\t\t<div class=\"elementor-element elementor-element-1d7a983 elementor-widget elementor-widget-text-editor\" data-id=\"1d7a983\" data-element_type=\"widget\" data-e-type=\"widget\" data-widget_type=\"text-editor.default\">\n\t\t\t\t<div class=\"elementor-widget-container\">\n\t\t\t\t\t\t\t\t\t<p>Migliaia di visitatori ogni giorno arrivano a Firenze per ammirare il suo patrimonio artistico e culturale, che l\u2019ha resa famosa in tutto il mondo. Non a caso, sin dal 1982 il suo centro storico \u00e8 stato dichiarato sito Patrimonio Mondiale UNESCO, per il suo eccezionale valore universale.<\/p>\n<p>Ma la citt\u00e0 non \u00e8 solo un grande museo a cielo aperto: \u00e8 un ecosistema delicato e vivo, il cui cuore pulsante \u00e8 costituito dalla popolazione che lo abita, e la gestione dell\u2019impatto che il turismo ha sul tessuto sociale, ambientale e culturale rappresenta una delle maggiori sfide dei nostri giorni.<\/p>\n<p>Per questo nasce #EnjoyRespectFirenze, la campagna di sensibilizzazione ideata nell\u2019ambito del progetto <i><span style=\"font-weight: 400;\">Grandi Destinazioni Italiane per un Turismo Sostenibile<\/span><\/i> promosso dal Ministero del Turismo, e realizzata dal Comune di Firenze in collaborazione con Fondazione Destination Florence. L\u2019obiettivo \u00e8 informare i visitatori su quali siano le scelte e i comportamenti da adottare per avere un approccio pi\u00f9 rispettoso, consapevole e sostenibile verso la citt\u00e0 nel suo complesso, in ogni momento del loro soggiorno. Per conservare l&#8217;autenticit\u00e0 di Firenze e garantire allo stesso tempo un\u2019esperienza di visita all\u2019altezza delle aspettative, \u00e8 necessario accrescere anche tra i turisti la consapevolezza del proprio impatto, fornendo consigli e incentivando un modo di viaggiare pi\u00f9 responsabile e consapevole, in armonia con la vita quotidiana dei residenti. E, perch\u00e9 no, incoraggiando la scoperta di attrazioni e luoghi meno conosciuti, ma non per questo di minor fascino.<\/p>\n<p>Seguendo i nostri consigli, non solo ci aiuterai a tutelare la citt\u00e0, rispettando l\u2019ambiente, il suo patrimonio artistico e la sua identit\u00e0 sociale e culturale, ma ti immergerai in un&#8217;esperienza unica, pi\u00f9 semplice e divertente!<\/p>\n<p>Firenze \u00e8 una creatura viva, delicata, e va trattata con cura per preservarne bellezza e autenticit\u00e0. Aiutaci a proteggerla e valorizzarla, perch\u00e9 \u00e8 patrimonio dell\u2019umanit\u00e0.&nbsp;<\/p>\n<p>E quindi \u00e8 anche casa tua.&nbsp;<\/p>\t\t\t\t\t\t\t\t<\/div>\n\t\t\t\t<\/div>\n\t\t\t\t<\/div>\n\t\t\t\t\t<\/div>\n\t\t\t\t<\/div>\n\t\t<div class=\"elementor-element elementor-element-8bc8bae e-flex e-con-boxed e-con e-parent\" data-id=\"8bc8bae\" data-element_type=\"container\" data-e-type=\"container\">\n\t\t\t\t\t<div class=\"e-con-inner\">\n\t\t\t\t<div class=\"elementor-element elementor-element-d9aec34 elementor-widget-divider--view-line elementor-widget elementor-widget-divider\" data-id=\"d9aec34\" data-element_type=\"widget\" data-e-type=\"widget\" data-widget_type=\"divider.default\">\n\t\t\t\t<div class=\"elementor-widget-container\">\n\t\t\t\t\t\t\t<div class=\"elementor-divider\">\n\t\t\t<span class=\"elementor-divider-separator\">\n\t\t\t\t\t\t<\/span>\n\t\t<\/div>\n\t\t\t\t\t\t<\/div>\n\t\t\t\t<\/div>\n\t\t\t\t\t<\/div>\n\t\t\t\t<\/div>\n\t\t<div class=\"elementor-element elementor-element-dfbb03f e-flex e-con-boxed e-con e-parent\" data-id=\"dfbb03f\" data-element_type=\"container\" data-e-type=\"container\">\n\t\t\t\t\t<div class=\"e-con-inner\">\n\t\t\t\t<div class=\"elementor-element elementor-element-41f8e2b elementor-widget elementor-widget-heading\" data-id=\"41f8e2b\" data-element_type=\"widget\" data-e-type=\"widget\" data-widget_type=\"heading.default\">\n\t\t\t\t<div class=\"elementor-widget-container\">\n\t\t\t\t\t<h2 class=\"elementor-heading-title elementor-size-default\">Link utili<\/h2>\t\t\t\t<\/div>\n\t\t\t\t<\/div>\n\t\t\t\t<div class=\"elementor-element elementor-element-2e387b6 elementor-widget elementor-widget-text-editor\" data-id=\"2e387b6\" data-element_type=\"widget\" data-e-type=\"widget\" data-widget_type=\"text-editor.default\">\n\t\t\t\t<div class=\"elementor-widget-container\">\n\t\t\t\t\t\t\t\t\t<ul><li><strong><a href=\"https:\/\/www.feelflorence.it\/it\"><u>Destination Florence<\/u><\/a><\/strong>: il sito del turismo del Comune e della Citt\u00e0 Metropolitana di Firenze.<\/li><li><strong><a href=\"https:\/\/www.visittuscany.com\/it\/index.html\"><u> Visit Tuscany<\/u><\/a><\/strong>: il sito del turismo della Regione Toscana.<\/li><\/ul>\t\t\t\t\t\t\t\t<\/div>\n\t\t\t\t<\/div>\n\t\t\t\t\t<\/div>\n\t\t\t\t<\/div>\n\t\t<div class=\"elementor-element elementor-element-0ec3acf e-flex e-con-boxed e-con e-parent\" data-id=\"0ec3acf\" data-element_type=\"container\" data-e-type=\"container\">\n\t\t\t\t\t<div class=\"e-con-inner\">\n\t\t<div class=\"elementor-element elementor-element-dac8855 e-con-full e-flex e-con e-child\" data-id=\"dac8855\" data-element_type=\"container\" data-e-type=\"container\">\n\t\t\t\t<div class=\"elementor-element elementor-element-90d5668 elementor-widget elementor-widget-image\" data-id=\"90d5668\" data-element_type=\"widget\" data-e-type=\"widget\" data-widget_type=\"image.default\">\n\t\t\t\t<div class=\"elementor-widget-container\">\n\t\t\t\t\t\t\t\t\t\t\t\t\t\t\t\t<a href=\"https:\/\/enjoyrespectfirenze.it\/it\/rispetta-cittadini-lavoratori\/\">\n\t\t\t\t\t\t\t<img fetchpriority=\"high\" decoding=\"async\" width=\"362\" height=\"600\" src=\"https:\/\/enjoyrespectfirenze.it\/wp-content\/uploads\/2024\/05\/Marzocco_rimando.png\" class=\"attachment-large size-large wp-image-269\" alt=\"\" srcset=\"https:\/\/enjoyrespectfirenze.it\/wp-content\/uploads\/2024\/05\/Marzocco_rimando.png 362w, https:\/\/enjoyrespectfirenze.it\/wp-content\/uploads\/2024\/05\/Marzocco_rimando-181x300.png 181w\" sizes=\"(max-width: 362px) 100vw, 362px\" \/>\t\t\t\t\t\t\t\t<\/a>\n\t\t\t\t\t\t\t\t\t\t\t\t\t\t\t<\/div>\n\t\t\t\t<\/div>\n\t\t\t\t<\/div>\n\t\t<div class=\"elementor-element elementor-element-a9dd51c e-con-full e-flex e-con e-child\" data-id=\"a9dd51c\" data-element_type=\"container\" data-e-type=\"container\">\n\t\t\t\t<div class=\"elementor-element elementor-element-cd77cbe elementor-widget elementor-widget-image\" data-id=\"cd77cbe\" data-element_type=\"widget\" data-e-type=\"widget\" data-widget_type=\"image.default\">\n\t\t\t\t<div class=\"elementor-widget-container\">\n\t\t\t\t\t\t\t\t\t\t\t\t\t\t\t\t<a href=\"https:\/\/enjoyrespectfirenze.it\/it\/pianifica-tappe-visita-firenze\/\">\n\t\t\t\t\t\t\t<img decoding=\"async\" width=\"362\" height=\"600\" src=\"https:\/\/enjoyrespectfirenze.it\/wp-content\/uploads\/2024\/05\/Palatina_rimando.png\" class=\"attachment-large size-large wp-image-275\" alt=\"\" srcset=\"https:\/\/enjoyrespectfirenze.it\/wp-content\/uploads\/2024\/05\/Palatina_rimando.png 362w, https:\/\/enjoyrespectfirenze.it\/wp-content\/uploads\/2024\/05\/Palatina_rimando-181x300.png 181w\" sizes=\"(max-width: 362px) 100vw, 362px\" \/>\t\t\t\t\t\t\t\t<\/a>\n\t\t\t\t\t\t\t\t\t\t\t\t\t\t\t<\/div>\n\t\t\t\t<\/div>\n\t\t\t\t<\/div>\n\t\t<div class=\"elementor-element elementor-element-4c1c345 e-con-full e-flex e-con e-child\" data-id=\"4c1c345\" data-element_type=\"container\" data-e-type=\"container\">\n\t\t\t\t<div class=\"elementor-element elementor-element-aaca025 elementor-widget elementor-widget-image\" data-id=\"aaca025\" data-element_type=\"widget\" data-e-type=\"widget\" data-widget_type=\"image.default\">\n\t\t\t\t<div class=\"elementor-widget-container\">\n\t\t\t\t\t\t\t\t\t\t\t\t\t\t\t\t<a href=\"https:\/\/enjoyrespectfirenze.it\/it\/programma-esperienza-autentica\/\">\n\t\t\t\t\t\t\t<img decoding=\"async\" width=\"362\" height=\"600\" src=\"https:\/\/enjoyrespectfirenze.it\/wp-content\/uploads\/2024\/05\/Piccione_rimando.png\" class=\"attachment-large size-large wp-image-278\" alt=\"\" srcset=\"https:\/\/enjoyrespectfirenze.it\/wp-content\/uploads\/2024\/05\/Piccione_rimando.png 362w, https:\/\/enjoyrespectfirenze.it\/wp-content\/uploads\/2024\/05\/Piccione_rimando-181x300.png 181w\" sizes=\"(max-width: 362px) 100vw, 362px\" \/>\t\t\t\t\t\t\t\t<\/a>\n\t\t\t\t\t\t\t\t\t\t\t\t\t\t\t<\/div>\n\t\t\t\t<\/div>\n\t\t\t\t<\/div>\n\t\t<div class=\"elementor-element elementor-element-3fb8f5b e-con-full e-flex e-con e-child\" data-id=\"3fb8f5b\" data-element_type=\"container\" data-e-type=\"container\">\n\t\t\t\t<div class=\"elementor-element elementor-element-dcacfa9 elementor-widget elementor-widget-image\" data-id=\"dcacfa9\" data-element_type=\"widget\" data-e-type=\"widget\" data-widget_type=\"image.default\">\n\t\t\t\t<div class=\"elementor-widget-container\">\n\t\t\t\t\t\t\t\t\t\t\t\t\t\t\t\t<a href=\"https:\/\/enjoyrespectfirenze.it\/it\/visita-firenze-a-piedi-bici-bus\/\">\n\t\t\t\t\t\t\t<img loading=\"lazy\" decoding=\"async\" width=\"362\" height=\"600\" src=\"https:\/\/enjoyrespectfirenze.it\/wp-content\/uploads\/2024\/05\/Leonardo_rimando.png\" class=\"attachment-large size-large wp-image-266\" alt=\"\" srcset=\"https:\/\/enjoyrespectfirenze.it\/wp-content\/uploads\/2024\/05\/Leonardo_rimando.png 362w, https:\/\/enjoyrespectfirenze.it\/wp-content\/uploads\/2024\/05\/Leonardo_rimando-181x300.png 181w\" sizes=\"(max-width: 362px) 100vw, 362px\" \/>\t\t\t\t\t\t\t\t<\/a>\n\t\t\t\t\t\t\t\t\t\t\t\t\t\t\t<\/div>\n\t\t\t\t<\/div>\n\t\t\t\t<\/div>\n\t\t<div class=\"elementor-element elementor-element-c26be03 e-con-full e-flex e-con e-child\" data-id=\"c26be03\" data-element_type=\"container\" data-e-type=\"container\">\n\t\t\t\t<div class=\"elementor-element elementor-element-7380855 elementor-widget elementor-widget-image\" data-id=\"7380855\" data-element_type=\"widget\" data-e-type=\"widget\" data-widget_type=\"image.default\">\n\t\t\t\t<div class=\"elementor-widget-container\">\n\t\t\t\t\t\t\t\t\t\t\t\t\t\t\t\t<a href=\"https:\/\/enjoyrespectfirenze.it\/it\/artigianato-locale-cibi-tradizionali\/\">\n\t\t\t\t\t\t\t<img loading=\"lazy\" decoding=\"async\" width=\"362\" height=\"600\" src=\"https:\/\/enjoyrespectfirenze.it\/wp-content\/uploads\/2024\/05\/Dante_rimando.png\" class=\"attachment-large size-large wp-image-259\" alt=\"\" srcset=\"https:\/\/enjoyrespectfirenze.it\/wp-content\/uploads\/2024\/05\/Dante_rimando.png 362w, https:\/\/enjoyrespectfirenze.it\/wp-content\/uploads\/2024\/05\/Dante_rimando-181x300.png 181w\" sizes=\"(max-width: 362px) 100vw, 362px\" \/>\t\t\t\t\t\t\t\t<\/a>\n\t\t\t\t\t\t\t\t\t\t\t\t\t\t\t<\/div>\n\t\t\t\t<\/div>\n\t\t\t\t<\/div>\n\t\t<div class=\"elementor-element elementor-element-105e31e e-con-full e-flex e-con e-child\" data-id=\"105e31e\" data-element_type=\"container\" data-e-type=\"container\">\n\t\t\t\t<div class=\"elementor-element elementor-element-06b5e19 elementor-widget elementor-widget-image\" data-id=\"06b5e19\" data-element_type=\"widget\" data-e-type=\"widget\" data-widget_type=\"image.default\">\n\t\t\t\t<div class=\"elementor-widget-container\">\n\t\t\t\t\t\t\t\t\t\t\t\t\t\t\t\t<a href=\"https:\/\/enjoyrespectfirenze.it\/it\/bevi-acqua-pubblica-ricicla-rifiuti\/\">\n\t\t\t\t\t\t\t<img loading=\"lazy\" decoding=\"async\" width=\"362\" height=\"600\" src=\"https:\/\/enjoyrespectfirenze.it\/wp-content\/uploads\/2024\/05\/Nettuno_rimando.png\" class=\"attachment-large size-large wp-image-272\" alt=\"\" srcset=\"https:\/\/enjoyrespectfirenze.it\/wp-content\/uploads\/2024\/05\/Nettuno_rimando.png 362w, https:\/\/enjoyrespectfirenze.it\/wp-content\/uploads\/2024\/05\/Nettuno_rimando-181x300.png 181w\" sizes=\"(max-width: 362px) 100vw, 362px\" \/>\t\t\t\t\t\t\t\t<\/a>\n\t\t\t\t\t\t\t\t\t\t\t\t\t\t\t<\/div>\n\t\t\t\t<\/div>\n\t\t\t\t<\/div>\n\t\t\t\t\t<\/div>\n\t\t\t\t<\/div>\n\t\t\t\t<\/div>\n\t\t","protected":false},"excerpt":{"rendered":"<p>Florence is alive treat it with care Migliaia di visitatori ogni giorno arrivano a Firenze per ammirare il suo patrimonio artistico e culturale, che l\u2019ha resa famosa in tutto il mondo. Non a caso, sin dal 1982 il suo centro storico \u00e8 stato dichiarato sito Patrimonio Mondiale UNESCO, per il suo eccezionale valore universale. Ma [&hellip;]<\/p>\n","protected":false},"author":1,"featured_media":0,"parent":0,"menu_order":0,"comment_status":"closed","ping_status":"closed","template":"elementor_header_footer","meta":{"ocean_post_layout":"","ocean_both_sidebars_style":"","ocean_both_sidebars_content_width":0,"ocean_both_sidebars_sidebars_width":0,"ocean_sidebar":"0","ocean_second_sidebar":"0","ocean_disable_margins":"enable","ocean_add_body_class":"","ocean_shortcode_before_top_bar":"","ocean_shortcode_after_top_bar":"","ocean_shortcode_before_header":"","ocean_shortcode_after_header":"","ocean_has_shortcode":"","ocean_shortcode_after_title":"","ocean_shortcode_before_footer_widgets":"","ocean_shortcode_after_footer_widgets":"","ocean_shortcode_before_footer_bottom":"","ocean_shortcode_after_footer_bottom":"","ocean_display_top_bar":"default","ocean_display_header":"default","ocean_header_style":"","ocean_center_header_left_menu":"0","ocean_custom_header_template":"0","ocean_custom_logo":0,"ocean_custom_retina_logo":0,"ocean_custom_logo_max_width":0,"ocean_custom_logo_tablet_max_width":0,"ocean_custom_logo_mobile_max_width":0,"ocean_custom_logo_max_height":0,"ocean_custom_logo_tablet_max_height":0,"ocean_custom_logo_mobile_max_height":0,"ocean_header_custom_menu":"0","ocean_menu_typo_font_family":"0","ocean_menu_typo_font_subset":"","ocean_menu_typo_font_size":0,"ocean_menu_typo_font_size_tablet":0,"ocean_menu_typo_font_size_mobile":0,"ocean_menu_typo_font_size_unit":"px","ocean_menu_typo_font_weight":"","ocean_menu_typo_font_weight_tablet":"","ocean_menu_typo_font_weight_mobile":"","ocean_menu_typo_transform":"","ocean_menu_typo_transform_tablet":"","ocean_menu_typo_transform_mobile":"","ocean_menu_typo_line_height":0,"ocean_menu_typo_line_height_tablet":0,"ocean_menu_typo_line_height_mobile":0,"ocean_menu_typo_line_height_unit":"","ocean_menu_typo_spacing":0,"ocean_menu_typo_spacing_tablet":0,"ocean_menu_typo_spacing_mobile":0,"ocean_menu_typo_spacing_unit":"","ocean_menu_link_color":"","ocean_menu_link_color_hover":"","ocean_menu_link_color_active":"","ocean_menu_link_background":"","ocean_menu_link_hover_background":"","ocean_menu_link_active_background":"","ocean_menu_social_links_bg":"","ocean_menu_social_hover_links_bg":"","ocean_menu_social_links_color":"","ocean_menu_social_hover_links_color":"","ocean_disable_title":"default","ocean_disable_heading":"default","ocean_post_title":"","ocean_post_subheading":"","ocean_post_title_style":"","ocean_post_title_background_color":"","ocean_post_title_background":0,"ocean_post_title_bg_image_position":"","ocean_post_title_bg_image_attachment":"","ocean_post_title_bg_image_repeat":"","ocean_post_title_bg_image_size":"","ocean_post_title_height":0,"ocean_post_title_bg_overlay":0.5,"ocean_post_title_bg_overlay_color":"","ocean_disable_breadcrumbs":"default","ocean_breadcrumbs_color":"","ocean_breadcrumbs_separator_color":"","ocean_breadcrumbs_links_color":"","ocean_breadcrumbs_links_hover_color":"","ocean_display_footer_widgets":"default","ocean_display_footer_bottom":"default","ocean_custom_footer_template":"0","footnotes":""},"class_list":["post-670","page","type-page","status-publish","hentry","entry"],"yoast_head":"<!-- This site is optimized with the Yoast SEO plugin v27.6 - https:\/\/yoast.com\/product\/yoast-seo-wordpress\/ -->\n<title>Il progetto - EnjoyRespectFirenze<\/title>\n<meta name=\"robots\" content=\"index, follow, max-snippet:-1, max-image-preview:large, max-video-preview:-1\" \/>\n<link rel=\"canonical\" href=\"https:\/\/enjoyrespectfirenze.it\/it\/florence-is-alive\/\" \/>\n<meta property=\"og:locale\" content=\"it_IT\" \/>\n<meta property=\"og:type\" content=\"article\" \/>\n<meta property=\"og:title\" content=\"Il progetto - EnjoyRespectFirenze\" \/>\n<meta property=\"og:description\" content=\"Florence is alive treat it with care Migliaia di visitatori ogni giorno arrivano a Firenze per ammirare il suo patrimonio artistico e culturale, che l\u2019ha resa famosa in tutto il mondo. Non a caso, sin dal 1982 il suo centro storico \u00e8 stato dichiarato sito Patrimonio Mondiale UNESCO, per il suo eccezionale valore universale. Ma [&hellip;]\" \/>\n<meta property=\"og:url\" content=\"https:\/\/enjoyrespectfirenze.it\/it\/florence-is-alive\/\" \/>\n<meta property=\"og:site_name\" content=\"EnjoyRespectFirenze\" \/>\n<meta property=\"article:modified_time\" content=\"2026-04-14T12:35:56+00:00\" \/>\n<meta property=\"og:image\" content=\"https:\/\/enjoyrespectfirenze.it\/wp-content\/uploads\/2024\/05\/Marzocco_rimando.png\" \/>\n<meta name=\"twitter:card\" content=\"summary_large_image\" \/>\n<meta name=\"twitter:label1\" content=\"Tempo di lettura stimato\" \/>\n\t<meta name=\"twitter:data1\" content=\"3 minuti\" \/>\n<script type=\"application\/ld+json\" class=\"yoast-schema-graph\">{\"@context\":\"https:\\\/\\\/schema.org\",\"@graph\":[{\"@type\":\"WebPage\",\"@id\":\"https:\\\/\\\/enjoyrespectfirenze.it\\\/it\\\/florence-is-alive\\\/\",\"url\":\"https:\\\/\\\/enjoyrespectfirenze.it\\\/it\\\/florence-is-alive\\\/\",\"name\":\"Il progetto - EnjoyRespectFirenze\",\"isPartOf\":{\"@id\":\"https:\\\/\\\/enjoyrespectfirenze.it\\\/it\\\/#website\"},\"primaryImageOfPage\":{\"@id\":\"https:\\\/\\\/enjoyrespectfirenze.it\\\/it\\\/florence-is-alive\\\/#primaryimage\"},\"image\":{\"@id\":\"https:\\\/\\\/enjoyrespectfirenze.it\\\/it\\\/florence-is-alive\\\/#primaryimage\"},\"thumbnailUrl\":\"https:\\\/\\\/enjoyrespectfirenze.it\\\/wp-content\\\/uploads\\\/2024\\\/05\\\/Marzocco_rimando.png\",\"datePublished\":\"2024-05-15T06:49:51+00:00\",\"dateModified\":\"2026-04-14T12:35:56+00:00\",\"breadcrumb\":{\"@id\":\"https:\\\/\\\/enjoyrespectfirenze.it\\\/it\\\/florence-is-alive\\\/#breadcrumb\"},\"inLanguage\":\"it-IT\",\"potentialAction\":[{\"@type\":\"ReadAction\",\"target\":[\"https:\\\/\\\/enjoyrespectfirenze.it\\\/it\\\/florence-is-alive\\\/\"]}]},{\"@type\":\"ImageObject\",\"inLanguage\":\"it-IT\",\"@id\":\"https:\\\/\\\/enjoyrespectfirenze.it\\\/it\\\/florence-is-alive\\\/#primaryimage\",\"url\":\"https:\\\/\\\/enjoyrespectfirenze.it\\\/wp-content\\\/uploads\\\/2024\\\/05\\\/Marzocco_rimando.png\",\"contentUrl\":\"https:\\\/\\\/enjoyrespectfirenze.it\\\/wp-content\\\/uploads\\\/2024\\\/05\\\/Marzocco_rimando.png\"},{\"@type\":\"BreadcrumbList\",\"@id\":\"https:\\\/\\\/enjoyrespectfirenze.it\\\/it\\\/florence-is-alive\\\/#breadcrumb\",\"itemListElement\":[{\"@type\":\"ListItem\",\"position\":1,\"name\":\"Home\",\"item\":\"https:\\\/\\\/enjoyrespectfirenze.it\\\/it\\\/\"},{\"@type\":\"ListItem\",\"position\":2,\"name\":\"Il progetto\"}]},{\"@type\":\"WebSite\",\"@id\":\"https:\\\/\\\/enjoyrespectfirenze.it\\\/it\\\/#website\",\"url\":\"https:\\\/\\\/enjoyrespectfirenze.it\\\/it\\\/\",\"name\":\"EnjoyRespectFirenze\",\"description\":\"My WordPress Blog\",\"publisher\":{\"@id\":\"https:\\\/\\\/enjoyrespectfirenze.it\\\/it\\\/#organization\"},\"potentialAction\":[{\"@type\":\"SearchAction\",\"target\":{\"@type\":\"EntryPoint\",\"urlTemplate\":\"https:\\\/\\\/enjoyrespectfirenze.it\\\/it\\\/?s={search_term_string}\"},\"query-input\":{\"@type\":\"PropertyValueSpecification\",\"valueRequired\":true,\"valueName\":\"search_term_string\"}}],\"inLanguage\":\"it-IT\"},{\"@type\":\"Organization\",\"@id\":\"https:\\\/\\\/enjoyrespectfirenze.it\\\/it\\\/#organization\",\"name\":\"#EnjoyRespectFirenze\",\"url\":\"https:\\\/\\\/enjoyrespectfirenze.it\\\/it\\\/\",\"logo\":{\"@type\":\"ImageObject\",\"inLanguage\":\"it-IT\",\"@id\":\"https:\\\/\\\/enjoyrespectfirenze.it\\\/it\\\/#\\\/schema\\\/logo\\\/image\\\/\",\"url\":\"https:\\\/\\\/enjoyrespectfirenze.it\\\/wp-content\\\/uploads\\\/2024\\\/05\\\/logo.png\",\"contentUrl\":\"https:\\\/\\\/enjoyrespectfirenze.it\\\/wp-content\\\/uploads\\\/2024\\\/05\\\/logo.png\",\"width\":1467,\"height\":404,\"caption\":\"#EnjoyRespectFirenze\"},\"image\":{\"@id\":\"https:\\\/\\\/enjoyrespectfirenze.it\\\/it\\\/#\\\/schema\\\/logo\\\/image\\\/\"}}]}<\/script>\n<!-- \/ Yoast SEO plugin. -->","yoast_head_json":{"title":"Il progetto - EnjoyRespectFirenze","robots":{"index":"index","follow":"follow","max-snippet":"max-snippet:-1","max-image-preview":"max-image-preview:large","max-video-preview":"max-video-preview:-1"},"canonical":"https:\/\/enjoyrespectfirenze.it\/it\/florence-is-alive\/","og_locale":"it_IT","og_type":"article","og_title":"Il progetto - EnjoyRespectFirenze","og_description":"Florence is alive treat it with care Migliaia di visitatori ogni giorno arrivano a Firenze per ammirare il suo patrimonio artistico e culturale, che l\u2019ha resa famosa in tutto il mondo. Non a caso, sin dal 1982 il suo centro storico \u00e8 stato dichiarato sito Patrimonio Mondiale UNESCO, per il suo eccezionale valore universale. Ma [&hellip;]","og_url":"https:\/\/enjoyrespectfirenze.it\/it\/florence-is-alive\/","og_site_name":"EnjoyRespectFirenze","article_modified_time":"2026-04-14T12:35:56+00:00","og_image":[{"url":"https:\/\/enjoyrespectfirenze.it\/wp-content\/uploads\/2024\/05\/Marzocco_rimando.png","type":"","width":"","height":""}],"twitter_card":"summary_large_image","twitter_misc":{"Tempo di lettura stimato":"3 minuti"},"schema":{"@context":"https:\/\/schema.org","@graph":[{"@type":"WebPage","@id":"https:\/\/enjoyrespectfirenze.it\/it\/florence-is-alive\/","url":"https:\/\/enjoyrespectfirenze.it\/it\/florence-is-alive\/","name":"Il progetto - EnjoyRespectFirenze","isPartOf":{"@id":"https:\/\/enjoyrespectfirenze.it\/it\/#website"},"primaryImageOfPage":{"@id":"https:\/\/enjoyrespectfirenze.it\/it\/florence-is-alive\/#primaryimage"},"image":{"@id":"https:\/\/enjoyrespectfirenze.it\/it\/florence-is-alive\/#primaryimage"},"thumbnailUrl":"https:\/\/enjoyrespectfirenze.it\/wp-content\/uploads\/2024\/05\/Marzocco_rimando.png","datePublished":"2024-05-15T06:49:51+00:00","dateModified":"2026-04-14T12:35:56+00:00","breadcrumb":{"@id":"https:\/\/enjoyrespectfirenze.it\/it\/florence-is-alive\/#breadcrumb"},"inLanguage":"it-IT","potentialAction":[{"@type":"ReadAction","target":["https:\/\/enjoyrespectfirenze.it\/it\/florence-is-alive\/"]}]},{"@type":"ImageObject","inLanguage":"it-IT","@id":"https:\/\/enjoyrespectfirenze.it\/it\/florence-is-alive\/#primaryimage","url":"https:\/\/enjoyrespectfirenze.it\/wp-content\/uploads\/2024\/05\/Marzocco_rimando.png","contentUrl":"https:\/\/enjoyrespectfirenze.it\/wp-content\/uploads\/2024\/05\/Marzocco_rimando.png"},{"@type":"BreadcrumbList","@id":"https:\/\/enjoyrespectfirenze.it\/it\/florence-is-alive\/#breadcrumb","itemListElement":[{"@type":"ListItem","position":1,"name":"Home","item":"https:\/\/enjoyrespectfirenze.it\/it\/"},{"@type":"ListItem","position":2,"name":"Il progetto"}]},{"@type":"WebSite","@id":"https:\/\/enjoyrespectfirenze.it\/it\/#website","url":"https:\/\/enjoyrespectfirenze.it\/it\/","name":"EnjoyRespectFirenze","description":"My WordPress Blog","publisher":{"@id":"https:\/\/enjoyrespectfirenze.it\/it\/#organization"},"potentialAction":[{"@type":"SearchAction","target":{"@type":"EntryPoint","urlTemplate":"https:\/\/enjoyrespectfirenze.it\/it\/?s={search_term_string}"},"query-input":{"@type":"PropertyValueSpecification","valueRequired":true,"valueName":"search_term_string"}}],"inLanguage":"it-IT"},{"@type":"Organization","@id":"https:\/\/enjoyrespectfirenze.it\/it\/#organization","name":"#EnjoyRespectFirenze","url":"https:\/\/enjoyrespectfirenze.it\/it\/","logo":{"@type":"ImageObject","inLanguage":"it-IT","@id":"https:\/\/enjoyrespectfirenze.it\/it\/#\/schema\/logo\/image\/","url":"https:\/\/enjoyrespectfirenze.it\/wp-content\/uploads\/2024\/05\/logo.png","contentUrl":"https:\/\/enjoyrespectfirenze.it\/wp-content\/uploads\/2024\/05\/logo.png","width":1467,"height":404,"caption":"#EnjoyRespectFirenze"},"image":{"@id":"https:\/\/enjoyrespectfirenze.it\/it\/#\/schema\/logo\/image\/"}}]}},"_links":{"self":[{"href":"https:\/\/enjoyrespectfirenze.it\/it\/wp-json\/wp\/v2\/pages\/670","targetHints":{"allow":["GET"]}}],"collection":[{"href":"https:\/\/enjoyrespectfirenze.it\/it\/wp-json\/wp\/v2\/pages"}],"about":[{"href":"https:\/\/enjoyrespectfirenze.it\/it\/wp-json\/wp\/v2\/types\/page"}],"author":[{"embeddable":true,"href":"https:\/\/enjoyrespectfirenze.it\/it\/wp-json\/wp\/v2\/users\/1"}],"replies":[{"embeddable":true,"href":"https:\/\/enjoyrespectfirenze.it\/it\/wp-json\/wp\/v2\/comments?post=670"}],"version-history":[{"count":29,"href":"https:\/\/enjoyrespectfirenze.it\/it\/wp-json\/wp\/v2\/pages\/670\/revisions"}],"predecessor-version":[{"id":1854,"href":"https:\/\/enjoyrespectfirenze.it\/it\/wp-json\/wp\/v2\/pages\/670\/revisions\/1854"}],"wp:attachment":[{"href":"https:\/\/enjoyrespectfirenze.it\/it\/wp-json\/wp\/v2\/media?parent=670"}],"curies":[{"name":"wp","href":"https:\/\/api.w.org\/{rel}","templated":true}]}}