{"id":1393,"date":"2024-11-28T13:36:06","date_gmt":"2024-11-28T13:36:06","guid":{"rendered":"https:\/\/enjoyrespectfirenze.it\/florence-lights-up\/"},"modified":"2024-11-29T10:38:47","modified_gmt":"2024-11-29T10:38:47","slug":"florence-lights-up","status":"publish","type":"page","link":"https:\/\/enjoyrespectfirenze.it\/it\/florence-lights-up\/","title":{"rendered":"Florence Lights Up"},"content":{"rendered":"\t\t<div data-elementor-type=\"wp-page\" data-elementor-id=\"1393\" class=\"elementor elementor-1393 elementor-1385\">\n\t\t\t\t<div class=\"elementor-element elementor-element-536587b e-flex e-con-boxed e-con e-parent\" data-id=\"536587b\" data-element_type=\"container\" data-settings=\"{&quot;background_background&quot;:&quot;classic&quot;}\">\n\t\t\t\t\t<div class=\"e-con-inner\">\n\t\t\t\t<div class=\"elementor-element elementor-element-7434b22 elementor-widget elementor-widget-image\" data-id=\"7434b22\" data-element_type=\"widget\" data-widget_type=\"image.default\">\n\t\t\t\t<div class=\"elementor-widget-container\">\n\t\t\t<style>\/*! elementor - v3.21.0 - 26-05-2024 *\/\n.elementor-widget-image{text-align:center}.elementor-widget-image a{display:inline-block}.elementor-widget-image a img[src$=\".svg\"]{width:48px}.elementor-widget-image img{vertical-align:middle;display:inline-block}<\/style>\t\t\t\t\t\t\t\t\t\t<img fetchpriority=\"high\" decoding=\"async\" width=\"2400\" height=\"929\" src=\"https:\/\/enjoyrespectfirenze.it\/wp-content\/uploads\/2024\/11\/Immagine-pagina-FLU3.png\" class=\"attachment-full size-full wp-image-1413\" alt=\"\" srcset=\"https:\/\/enjoyrespectfirenze.it\/wp-content\/uploads\/2024\/11\/Immagine-pagina-FLU3.png 2400w, https:\/\/enjoyrespectfirenze.it\/wp-content\/uploads\/2024\/11\/Immagine-pagina-FLU3-300x116.png 300w, https:\/\/enjoyrespectfirenze.it\/wp-content\/uploads\/2024\/11\/Immagine-pagina-FLU3-1024x396.png 1024w, https:\/\/enjoyrespectfirenze.it\/wp-content\/uploads\/2024\/11\/Immagine-pagina-FLU3-768x297.png 768w, https:\/\/enjoyrespectfirenze.it\/wp-content\/uploads\/2024\/11\/Immagine-pagina-FLU3-1536x595.png 1536w, https:\/\/enjoyrespectfirenze.it\/wp-content\/uploads\/2024\/11\/Immagine-pagina-FLU3-2048x793.png 2048w\" sizes=\"(max-width: 2400px) 100vw, 2400px\" \/>\t\t\t\t\t\t\t\t\t\t\t\t\t<\/div>\n\t\t\t\t<\/div>\n\t\t\t\t\t<\/div>\n\t\t\t\t<\/div>\n\t\t<div class=\"elementor-element elementor-element-8feed83 e-flex e-con-boxed e-con e-parent\" data-id=\"8feed83\" data-element_type=\"container\" data-settings=\"{&quot;background_background&quot;:&quot;classic&quot;}\">\n\t\t\t\t\t<div class=\"e-con-inner\">\n\t\t<div class=\"elementor-element elementor-element-00a626b e-con-full e-flex e-con e-child\" data-id=\"00a626b\" data-element_type=\"container\">\n\t\t\t\t<div class=\"elementor-element elementor-element-b5699a6 elementor-widget elementor-widget-heading\" data-id=\"b5699a6\" data-element_type=\"widget\" data-widget_type=\"heading.default\">\n\t\t\t\t<div class=\"elementor-widget-container\">\n\t\t\t<style>\/*! elementor - v3.21.0 - 26-05-2024 *\/\n.elementor-heading-title{padding:0;margin:0;line-height:1}.elementor-widget-heading .elementor-heading-title[class*=elementor-size-]>a{color:inherit;font-size:inherit;line-height:inherit}.elementor-widget-heading .elementor-heading-title.elementor-size-small{font-size:15px}.elementor-widget-heading .elementor-heading-title.elementor-size-medium{font-size:19px}.elementor-widget-heading .elementor-heading-title.elementor-size-large{font-size:29px}.elementor-widget-heading .elementor-heading-title.elementor-size-xl{font-size:39px}.elementor-widget-heading .elementor-heading-title.elementor-size-xxl{font-size:59px}<\/style><h1 class=\"elementor-heading-title elementor-size-default\">Florence Lights Up: la magia delle Feste illumina Firenze con #EnjoyRespectFirenze<\/h1>\t\t<\/div>\n\t\t\t\t<\/div>\n\t\t\t\t<div class=\"elementor-element elementor-element-38089d6 elementor-widget elementor-widget-text-editor\" data-id=\"38089d6\" data-element_type=\"widget\" data-widget_type=\"text-editor.default\">\n\t\t\t\t<div class=\"elementor-widget-container\">\n\t\t\t<style>\/*! elementor - v3.21.0 - 26-05-2024 *\/\n.elementor-widget-text-editor.elementor-drop-cap-view-stacked .elementor-drop-cap{background-color:#69727d;color:#fff}.elementor-widget-text-editor.elementor-drop-cap-view-framed .elementor-drop-cap{color:#69727d;border:3px solid;background-color:transparent}.elementor-widget-text-editor:not(.elementor-drop-cap-view-default) .elementor-drop-cap{margin-top:8px}.elementor-widget-text-editor:not(.elementor-drop-cap-view-default) .elementor-drop-cap-letter{width:1em;height:1em}.elementor-widget-text-editor .elementor-drop-cap{float:left;text-align:center;line-height:1;font-size:50px}.elementor-widget-text-editor .elementor-drop-cap-letter{display:inline-block}<\/style>\t\t\t\t<p><span style=\"font-weight: 400;\">Dal 7 dicembre 2024 al 7 gennaio 2025, Firenze si accende con <\/span><b>Florence Lights Up<\/b><span style=\"font-weight: 400;\">, un percorso luminoso che celebra la citt\u00e0 e le feste natalizie, invitando cittadini e visitatori a vivere un\u2019esperienza magica con rispetto e consapevolezza.&nbsp;<\/span><\/p>\n<p><b>Ponte Vecchio<\/b><span style=\"font-weight: 400;\">, uno dei simboli pi\u00f9 iconici di Firenze, si trasforma in una tela luminosa grazie al video-mapping, che offrir\u00e0 un modo del tutto originale di osservare questo luogo storico. Anche <\/span><b>Palazzo Vecchio<\/b><span style=\"font-weight: 400;\"> e la <\/span><b>chiesa di San Paolino<\/b><span style=\"font-weight: 400;\"> saranno protagonisti di proiezioni artistiche che raccontano i temi e i valori della campagna <\/span><b>#EnjoyRespectFirenze<\/b><span style=\"font-weight: 400;\">, sensibilizzando alla tutela del patrimonio e ad una visita pi\u00f9 consapevole della citt\u00e0.<\/span><\/p>\n<p><span style=\"font-weight: 400;\">In <\/span><b>piazza Santa Maria Novella<\/b><span style=\"font-weight: 400;\">, luci e installazioni creano un\u2019atmosfera suggestiva, mentre il <\/span><b>Giardino Mediceo di Palazzo Medici Riccardi<\/b><span style=\"font-weight: 400;\"> prende vita con giochi luminosi tra gli alberi e le statue. Qui si trova anche uno speciale Albero di Natale, simbolo del periodo festivo.<\/span><\/p>\n<h3><b>Scopri Firenze sotto una nuova luce<\/b><\/h3>\n<p><span style=\"font-weight: 400;\">Florence Lights Up \u00e8 l\u2019invito della Citt\u00e0 di Firenze a godere della bellezza della citt\u00e0 con cura, in linea con i valori della campagna <\/span><b>#EnjoyRespectFirenze<\/b><span style=\"font-weight: 400;\">, sviluppata da Fondazione Destination Florence. L\u2019iniziativa \u00e8 volta a valorizzare il patrimonio artistico e culturale del capoluogo toscano, per incantare i suoi visitatori ricordando loro al tempo stesso l\u2019importanza di prendersene cura.<\/span><\/p>\n<p><span style=\"font-weight: 400;\">Florence Lights Up \u00e8 un progetto del Comune di Firenze, realizzato da Fondazione MUS.E in collaborazione con la Citt\u00e0 Metropolitana di Firenze e con il sostegno del Ministero del Turismo attraverso il &#8220;Fondo siti UNESCO citt\u00e0 creative.&#8221;<\/span><\/p>\n<p><b>Goditi la bellezza. Rispetta Firenze.<\/b><\/p>\t\t\t\t\t\t<\/div>\n\t\t\t\t<\/div>\n\t\t\t\t<\/div>\n\t\t\t\t\t<\/div>\n\t\t\t\t<\/div>\n\t\t\t\t<\/div>\n\t\t","protected":false},"excerpt":{"rendered":"<p>Florence Lights Up: la magia delle Feste illumina Firenze con #EnjoyRespectFirenze Dal 7 dicembre 2024 al 7 gennaio 2025, Firenze si accende con Florence Lights Up, un percorso luminoso che celebra la citt\u00e0 e le feste natalizie, invitando cittadini e visitatori a vivere un\u2019esperienza magica con rispetto e consapevolezza.&nbsp; Ponte Vecchio, uno dei simboli pi\u00f9 [&hellip;]<\/p>\n","protected":false},"author":1,"featured_media":0,"parent":0,"menu_order":0,"comment_status":"closed","ping_status":"closed","template":"elementor_header_footer","meta":{"ocean_post_layout":"","ocean_both_sidebars_style":"","ocean_both_sidebars_content_width":0,"ocean_both_sidebars_sidebars_width":0,"ocean_sidebar":"0","ocean_second_sidebar":"0","ocean_disable_margins":"enable","ocean_add_body_class":"","ocean_shortcode_before_top_bar":"","ocean_shortcode_after_top_bar":"","ocean_shortcode_before_header":"","ocean_shortcode_after_header":"","ocean_has_shortcode":"","ocean_shortcode_after_title":"","ocean_shortcode_before_footer_widgets":"","ocean_shortcode_after_footer_widgets":"","ocean_shortcode_before_footer_bottom":"","ocean_shortcode_after_footer_bottom":"","ocean_display_top_bar":"default","ocean_display_header":"default","ocean_header_style":"","ocean_center_header_left_menu":"0","ocean_custom_header_template":"0","ocean_custom_logo":0,"ocean_custom_retina_logo":0,"ocean_custom_logo_max_width":0,"ocean_custom_logo_tablet_max_width":0,"ocean_custom_logo_mobile_max_width":0,"ocean_custom_logo_max_height":0,"ocean_custom_logo_tablet_max_height":0,"ocean_custom_logo_mobile_max_height":0,"ocean_header_custom_menu":"0","ocean_menu_typo_font_family":"0","ocean_menu_typo_font_subset":"","ocean_menu_typo_font_size":0,"ocean_menu_typo_font_size_tablet":0,"ocean_menu_typo_font_size_mobile":0,"ocean_menu_typo_font_size_unit":"px","ocean_menu_typo_font_weight":"","ocean_menu_typo_font_weight_tablet":"","ocean_menu_typo_font_weight_mobile":"","ocean_menu_typo_transform":"","ocean_menu_typo_transform_tablet":"","ocean_menu_typo_transform_mobile":"","ocean_menu_typo_line_height":0,"ocean_menu_typo_line_height_tablet":0,"ocean_menu_typo_line_height_mobile":0,"ocean_menu_typo_line_height_unit":"","ocean_menu_typo_spacing":0,"ocean_menu_typo_spacing_tablet":0,"ocean_menu_typo_spacing_mobile":0,"ocean_menu_typo_spacing_unit":"","ocean_menu_link_color":"","ocean_menu_link_color_hover":"","ocean_menu_link_color_active":"","ocean_menu_link_background":"","ocean_menu_link_hover_background":"","ocean_menu_link_active_background":"","ocean_menu_social_links_bg":"","ocean_menu_social_hover_links_bg":"","ocean_menu_social_links_color":"","ocean_menu_social_hover_links_color":"","ocean_disable_title":"default","ocean_disable_heading":"default","ocean_post_title":"","ocean_post_subheading":"","ocean_post_title_style":"","ocean_post_title_background_color":"","ocean_post_title_background":0,"ocean_post_title_bg_image_position":"","ocean_post_title_bg_image_attachment":"","ocean_post_title_bg_image_repeat":"","ocean_post_title_bg_image_size":"","ocean_post_title_height":0,"ocean_post_title_bg_overlay":0.5,"ocean_post_title_bg_overlay_color":"","ocean_disable_breadcrumbs":"default","ocean_breadcrumbs_color":"","ocean_breadcrumbs_separator_color":"","ocean_breadcrumbs_links_color":"","ocean_breadcrumbs_links_hover_color":"","ocean_display_footer_widgets":"default","ocean_display_footer_bottom":"default","ocean_custom_footer_template":"0","footnotes":""},"class_list":["post-1393","page","type-page","status-publish","hentry","entry"],"yoast_head":"<!-- This site is optimized with the Yoast SEO plugin v22.8 - https:\/\/yoast.com\/wordpress\/plugins\/seo\/ -->\n<title>Florence Lights Up - EnjoyRespectFirenze<\/title>\n<meta name=\"robots\" content=\"index, follow, max-snippet:-1, max-image-preview:large, max-video-preview:-1\" \/>\n<link rel=\"canonical\" href=\"https:\/\/enjoyrespectfirenze.it\/it\/florence-lights-up\/\" \/>\n<meta property=\"og:locale\" content=\"it_IT\" \/>\n<meta property=\"og:type\" content=\"article\" \/>\n<meta property=\"og:title\" content=\"Florence Lights Up - EnjoyRespectFirenze\" \/>\n<meta property=\"og:description\" content=\"Florence Lights Up: la magia delle Feste illumina Firenze con #EnjoyRespectFirenze Dal 7 dicembre 2024 al 7 gennaio 2025, Firenze si accende con Florence Lights Up, un percorso luminoso che celebra la citt\u00e0 e le feste natalizie, invitando cittadini e visitatori a vivere un\u2019esperienza magica con rispetto e consapevolezza.&nbsp; Ponte Vecchio, uno dei simboli pi\u00f9 [&hellip;]\" \/>\n<meta property=\"og:url\" content=\"https:\/\/enjoyrespectfirenze.it\/it\/florence-lights-up\/\" \/>\n<meta property=\"og:site_name\" content=\"EnjoyRespectFirenze\" \/>\n<meta property=\"article:modified_time\" content=\"2024-11-29T10:38:47+00:00\" \/>\n<meta property=\"og:image\" content=\"https:\/\/enjoyrespectfirenze.it\/wp-content\/uploads\/2024\/11\/Immagine-pagina-FLU3.png\" \/>\n<meta name=\"twitter:card\" content=\"summary_large_image\" \/>\n<meta name=\"twitter:label1\" content=\"Tempo di lettura stimato\" \/>\n\t<meta name=\"twitter:data1\" content=\"2 minuti\" \/>\n<script type=\"application\/ld+json\" class=\"yoast-schema-graph\">{\"@context\":\"https:\/\/schema.org\",\"@graph\":[{\"@type\":\"WebPage\",\"@id\":\"https:\/\/enjoyrespectfirenze.it\/it\/florence-lights-up\/\",\"url\":\"https:\/\/enjoyrespectfirenze.it\/it\/florence-lights-up\/\",\"name\":\"Florence Lights Up - EnjoyRespectFirenze\",\"isPartOf\":{\"@id\":\"https:\/\/enjoyrespectfirenze.it\/it\/#website\"},\"primaryImageOfPage\":{\"@id\":\"https:\/\/enjoyrespectfirenze.it\/it\/florence-lights-up\/#primaryimage\"},\"image\":{\"@id\":\"https:\/\/enjoyrespectfirenze.it\/it\/florence-lights-up\/#primaryimage\"},\"thumbnailUrl\":\"https:\/\/enjoyrespectfirenze.it\/wp-content\/uploads\/2024\/11\/Immagine-pagina-FLU3.png\",\"datePublished\":\"2024-11-28T13:36:06+00:00\",\"dateModified\":\"2024-11-29T10:38:47+00:00\",\"breadcrumb\":{\"@id\":\"https:\/\/enjoyrespectfirenze.it\/it\/florence-lights-up\/#breadcrumb\"},\"inLanguage\":\"it-IT\",\"potentialAction\":[{\"@type\":\"ReadAction\",\"target\":[\"https:\/\/enjoyrespectfirenze.it\/it\/florence-lights-up\/\"]}]},{\"@type\":\"ImageObject\",\"inLanguage\":\"it-IT\",\"@id\":\"https:\/\/enjoyrespectfirenze.it\/it\/florence-lights-up\/#primaryimage\",\"url\":\"https:\/\/enjoyrespectfirenze.it\/wp-content\/uploads\/2024\/11\/Immagine-pagina-FLU3.png\",\"contentUrl\":\"https:\/\/enjoyrespectfirenze.it\/wp-content\/uploads\/2024\/11\/Immagine-pagina-FLU3.png\"},{\"@type\":\"BreadcrumbList\",\"@id\":\"https:\/\/enjoyrespectfirenze.it\/it\/florence-lights-up\/#breadcrumb\",\"itemListElement\":[{\"@type\":\"ListItem\",\"position\":1,\"name\":\"Home\",\"item\":\"https:\/\/enjoyrespectfirenze.it\/it\/\"},{\"@type\":\"ListItem\",\"position\":2,\"name\":\"Florence Lights Up\"}]},{\"@type\":\"WebSite\",\"@id\":\"https:\/\/enjoyrespectfirenze.it\/it\/#website\",\"url\":\"https:\/\/enjoyrespectfirenze.it\/it\/\",\"name\":\"EnjoyRespectFirenze\",\"description\":\"My WordPress Blog\",\"publisher\":{\"@id\":\"https:\/\/enjoyrespectfirenze.it\/it\/#organization\"},\"potentialAction\":[{\"@type\":\"SearchAction\",\"target\":{\"@type\":\"EntryPoint\",\"urlTemplate\":\"https:\/\/enjoyrespectfirenze.it\/it\/?s={search_term_string}\"},\"query-input\":\"required name=search_term_string\"}],\"inLanguage\":\"it-IT\"},{\"@type\":\"Organization\",\"@id\":\"https:\/\/enjoyrespectfirenze.it\/it\/#organization\",\"name\":\"#EnjoyRespectFirenze\",\"url\":\"https:\/\/enjoyrespectfirenze.it\/it\/\",\"logo\":{\"@type\":\"ImageObject\",\"inLanguage\":\"it-IT\",\"@id\":\"https:\/\/enjoyrespectfirenze.it\/it\/#\/schema\/logo\/image\/\",\"url\":\"https:\/\/enjoyrespectfirenze.it\/wp-content\/uploads\/2024\/05\/logo.png\",\"contentUrl\":\"https:\/\/enjoyrespectfirenze.it\/wp-content\/uploads\/2024\/05\/logo.png\",\"width\":1467,\"height\":404,\"caption\":\"#EnjoyRespectFirenze\"},\"image\":{\"@id\":\"https:\/\/enjoyrespectfirenze.it\/it\/#\/schema\/logo\/image\/\"}}]}<\/script>\n<!-- \/ Yoast SEO plugin. -->","yoast_head_json":{"title":"Florence Lights Up - EnjoyRespectFirenze","robots":{"index":"index","follow":"follow","max-snippet":"max-snippet:-1","max-image-preview":"max-image-preview:large","max-video-preview":"max-video-preview:-1"},"canonical":"https:\/\/enjoyrespectfirenze.it\/it\/florence-lights-up\/","og_locale":"it_IT","og_type":"article","og_title":"Florence Lights Up - EnjoyRespectFirenze","og_description":"Florence Lights Up: la magia delle Feste illumina Firenze con #EnjoyRespectFirenze Dal 7 dicembre 2024 al 7 gennaio 2025, Firenze si accende con Florence Lights Up, un percorso luminoso che celebra la citt\u00e0 e le feste natalizie, invitando cittadini e visitatori a vivere un\u2019esperienza magica con rispetto e consapevolezza.&nbsp; Ponte Vecchio, uno dei simboli pi\u00f9 [&hellip;]","og_url":"https:\/\/enjoyrespectfirenze.it\/it\/florence-lights-up\/","og_site_name":"EnjoyRespectFirenze","article_modified_time":"2024-11-29T10:38:47+00:00","og_image":[{"url":"https:\/\/enjoyrespectfirenze.it\/wp-content\/uploads\/2024\/11\/Immagine-pagina-FLU3.png"}],"twitter_card":"summary_large_image","twitter_misc":{"Tempo di lettura stimato":"2 minuti"},"schema":{"@context":"https:\/\/schema.org","@graph":[{"@type":"WebPage","@id":"https:\/\/enjoyrespectfirenze.it\/it\/florence-lights-up\/","url":"https:\/\/enjoyrespectfirenze.it\/it\/florence-lights-up\/","name":"Florence Lights Up - EnjoyRespectFirenze","isPartOf":{"@id":"https:\/\/enjoyrespectfirenze.it\/it\/#website"},"primaryImageOfPage":{"@id":"https:\/\/enjoyrespectfirenze.it\/it\/florence-lights-up\/#primaryimage"},"image":{"@id":"https:\/\/enjoyrespectfirenze.it\/it\/florence-lights-up\/#primaryimage"},"thumbnailUrl":"https:\/\/enjoyrespectfirenze.it\/wp-content\/uploads\/2024\/11\/Immagine-pagina-FLU3.png","datePublished":"2024-11-28T13:36:06+00:00","dateModified":"2024-11-29T10:38:47+00:00","breadcrumb":{"@id":"https:\/\/enjoyrespectfirenze.it\/it\/florence-lights-up\/#breadcrumb"},"inLanguage":"it-IT","potentialAction":[{"@type":"ReadAction","target":["https:\/\/enjoyrespectfirenze.it\/it\/florence-lights-up\/"]}]},{"@type":"ImageObject","inLanguage":"it-IT","@id":"https:\/\/enjoyrespectfirenze.it\/it\/florence-lights-up\/#primaryimage","url":"https:\/\/enjoyrespectfirenze.it\/wp-content\/uploads\/2024\/11\/Immagine-pagina-FLU3.png","contentUrl":"https:\/\/enjoyrespectfirenze.it\/wp-content\/uploads\/2024\/11\/Immagine-pagina-FLU3.png"},{"@type":"BreadcrumbList","@id":"https:\/\/enjoyrespectfirenze.it\/it\/florence-lights-up\/#breadcrumb","itemListElement":[{"@type":"ListItem","position":1,"name":"Home","item":"https:\/\/enjoyrespectfirenze.it\/it\/"},{"@type":"ListItem","position":2,"name":"Florence Lights Up"}]},{"@type":"WebSite","@id":"https:\/\/enjoyrespectfirenze.it\/it\/#website","url":"https:\/\/enjoyrespectfirenze.it\/it\/","name":"EnjoyRespectFirenze","description":"My WordPress Blog","publisher":{"@id":"https:\/\/enjoyrespectfirenze.it\/it\/#organization"},"potentialAction":[{"@type":"SearchAction","target":{"@type":"EntryPoint","urlTemplate":"https:\/\/enjoyrespectfirenze.it\/it\/?s={search_term_string}"},"query-input":"required name=search_term_string"}],"inLanguage":"it-IT"},{"@type":"Organization","@id":"https:\/\/enjoyrespectfirenze.it\/it\/#organization","name":"#EnjoyRespectFirenze","url":"https:\/\/enjoyrespectfirenze.it\/it\/","logo":{"@type":"ImageObject","inLanguage":"it-IT","@id":"https:\/\/enjoyrespectfirenze.it\/it\/#\/schema\/logo\/image\/","url":"https:\/\/enjoyrespectfirenze.it\/wp-content\/uploads\/2024\/05\/logo.png","contentUrl":"https:\/\/enjoyrespectfirenze.it\/wp-content\/uploads\/2024\/05\/logo.png","width":1467,"height":404,"caption":"#EnjoyRespectFirenze"},"image":{"@id":"https:\/\/enjoyrespectfirenze.it\/it\/#\/schema\/logo\/image\/"}}]}},"_links":{"self":[{"href":"https:\/\/enjoyrespectfirenze.it\/it\/wp-json\/wp\/v2\/pages\/1393","targetHints":{"allow":["GET"]}}],"collection":[{"href":"https:\/\/enjoyrespectfirenze.it\/it\/wp-json\/wp\/v2\/pages"}],"about":[{"href":"https:\/\/enjoyrespectfirenze.it\/it\/wp-json\/wp\/v2\/types\/page"}],"author":[{"embeddable":true,"href":"https:\/\/enjoyrespectfirenze.it\/it\/wp-json\/wp\/v2\/users\/1"}],"replies":[{"embeddable":true,"href":"https:\/\/enjoyrespectfirenze.it\/it\/wp-json\/wp\/v2\/comments?post=1393"}],"version-history":[{"count":23,"href":"https:\/\/enjoyrespectfirenze.it\/it\/wp-json\/wp\/v2\/pages\/1393\/revisions"}],"predecessor-version":[{"id":1465,"href":"https:\/\/enjoyrespectfirenze.it\/it\/wp-json\/wp\/v2\/pages\/1393\/revisions\/1465"}],"wp:attachment":[{"href":"https:\/\/enjoyrespectfirenze.it\/it\/wp-json\/wp\/v2\/media?parent=1393"}],"curies":[{"name":"wp","href":"https:\/\/api.w.org\/{rel}","templated":true}]}}